{"id":1061,"date":"2023-04-17T11:37:31","date_gmt":"2023-04-17T11:37:31","guid":{"rendered":"http:\/\/isbl.hu\/?page_id=1061"},"modified":"2023-04-19T07:48:44","modified_gmt":"2023-04-19T07:48:44","slug":"webinarok","status":"publish","type":"page","link":"http:\/\/isbl.hu\/?page_id=1061&lang=hu","title":{"rendered":"Webin\u00e1rok"},"content":{"rendered":"\t\t<div data-elementor-type=\"wp-page\" data-elementor-id=\"1061\" class=\"elementor elementor-1061\">\n\t\t\t\t\t\t<section class=\"elementor-section elementor-top-section elementor-element elementor-element-a0e334f elementor-section-boxed elementor-section-height-default elementor-section-height-default\" data-id=\"a0e334f\" data-element_type=\"section\">\n\t\t\t\t\t\t<div class=\"elementor-container elementor-column-gap-default\">\n\t\t\t\t\t<div class=\"elementor-column elementor-col-50 elementor-top-column elementor-element elementor-element-44300431\" data-id=\"44300431\" data-element_type=\"column\">\n\t\t\t<div class=\"elementor-widget-wrap elementor-element-populated\">\n\t\t\t\t\t\t<div class=\"elementor-element elementor-element-2743e16f elementor-widget elementor-widget-text-editor\" data-id=\"2743e16f\" data-element_type=\"widget\" data-widget_type=\"text-editor.default\">\n\t\t\t\t<div class=\"elementor-widget-container\">\n\t\t\t\t\t\t\t<p class=\"title style-scope ytd-video-primary-info-renderer\" style=\"text-align: center;\"><span style=\"color: #003366;\"><span style=\"color: #808080;\">VPHi webinar<\/span><br \/><strong>A sz\u00e1m\u00edt\u00f3g\u00e9pes m\u00f3dszerek meghat\u00e1rozz\u00e1k a <br \/>beteg-specifikus gerincseb\u00e9szet j\u00f6v\u0151j\u00e9t<\/strong><\/span><\/p>\t\t\t\t\t\t<\/div>\n\t\t\t\t<\/div>\n\t\t\t\t<div class=\"elementor-element elementor-element-3397e701 elementor-widget elementor-widget-video\" data-id=\"3397e701\" data-element_type=\"widget\" data-settings=\"{&quot;youtube_url&quot;:&quot;https:\\\/\\\/www.youtube.com\\\/watch?v=DqzX3KXUP-s&quot;,&quot;video_type&quot;:&quot;youtube&quot;,&quot;controls&quot;:&quot;yes&quot;}\" data-widget_type=\"video.default\">\n\t\t\t\t<div class=\"elementor-widget-container\">\n\t\t\t\t\t<div class=\"elementor-wrapper elementor-open-inline\">\n\t\t\t<div class=\"elementor-video\"><\/div>\t\t<\/div>\n\t\t\t\t<\/div>\n\t\t\t\t<\/div>\n\t\t\t\t<div class=\"elementor-element elementor-element-2d247e63 elementor-widget elementor-widget-spacer\" data-id=\"2d247e63\" data-element_type=\"widget\" data-widget_type=\"spacer.default\">\n\t\t\t\t<div class=\"elementor-widget-container\">\n\t\t\t\t\t<div class=\"elementor-spacer\">\n\t\t\t<div class=\"elementor-spacer-inner\"><\/div>\n\t\t<\/div>\n\t\t\t\t<\/div>\n\t\t\t\t<\/div>\n\t\t\t\t\t<\/div>\n\t\t<\/div>\n\t\t\t\t<div class=\"elementor-column elementor-col-50 elementor-top-column elementor-element elementor-element-242a7de6\" data-id=\"242a7de6\" data-element_type=\"column\">\n\t\t\t<div class=\"elementor-widget-wrap elementor-element-populated\">\n\t\t\t\t\t\t<div class=\"elementor-element elementor-element-47157407 elementor-widget elementor-widget-text-editor\" data-id=\"47157407\" data-element_type=\"widget\" data-widget_type=\"text-editor.default\">\n\t\t\t\t<div class=\"elementor-widget-container\">\n\t\t\t\t\t\t\t<p style=\"text-align: center;\"><span style=\"color: #808080;\">VPHi webinar<\/span><br \/><strong><span style=\"color: #003366;\">Tudnak-e a m\u00e9rn\u00f6k\u00f6k seg\u00edteni a klinikusoknak <br \/>a d\u00f6nt\u00e9shozatali folyamatban?<\/span><\/strong><\/p>\t\t\t\t\t\t<\/div>\n\t\t\t\t<\/div>\n\t\t\t\t<div class=\"elementor-element elementor-element-3af557de elementor-widget elementor-widget-video\" data-id=\"3af557de\" data-element_type=\"widget\" data-settings=\"{&quot;youtube_url&quot;:&quot;https:\\\/\\\/www.youtube.com\\\/watch?v=IGUaRGDH_2s&quot;,&quot;video_type&quot;:&quot;youtube&quot;,&quot;controls&quot;:&quot;yes&quot;}\" data-widget_type=\"video.default\">\n\t\t\t\t<div class=\"elementor-widget-container\">\n\t\t\t\t\t<div class=\"elementor-wrapper elementor-open-inline\">\n\t\t\t<div class=\"elementor-video\"><\/div>\t\t<\/div>\n\t\t\t\t<\/div>\n\t\t\t\t<\/div>\n\t\t\t\t<div class=\"elementor-element elementor-element-16b8340 elementor-widget elementor-widget-spacer\" data-id=\"16b8340\" data-element_type=\"widget\" data-widget_type=\"spacer.default\">\n\t\t\t\t<div class=\"elementor-widget-container\">\n\t\t\t\t\t<div class=\"elementor-spacer\">\n\t\t\t<div class=\"elementor-spacer-inner\"><\/div>\n\t\t<\/div>\n\t\t\t\t<\/div>\n\t\t\t\t<\/div>\n\t\t\t\t\t<\/div>\n\t\t<\/div>\n\t\t\t\t\t<\/div>\n\t\t<\/section>\n\t\t\t\t<\/div>\n\t\t","protected":false},"excerpt":{"rendered":"<p>VPHi webinarA sz\u00e1m\u00edt\u00f3g\u00e9pes m\u00f3dszerek meghat\u00e1rozz\u00e1k a beteg-specifikus gerincseb\u00e9szet j\u00f6v\u0151j\u00e9t https:\/\/www.youtube.com\/watch?v=DqzX3KXUP-s VPHi webinarTudnak-e a m\u00e9rn\u00f6k\u00f6k seg\u00edteni a klinikusoknak a d\u00f6nt\u00e9shozatali folyamatban? https:\/\/www.youtube.com\/watch?v=IGUaRGDH_2s<\/p>\n","protected":false},"author":2,"featured_media":0,"parent":0,"menu_order":0,"comment_status":"closed","ping_status":"closed","template":"","meta":{"inline_featured_image":false},"_links":{"self":[{"href":"http:\/\/isbl.hu\/index.php?rest_route=\/wp\/v2\/pages\/1061"}],"collection":[{"href":"http:\/\/isbl.hu\/index.php?rest_route=\/wp\/v2\/pages"}],"about":[{"href":"http:\/\/isbl.hu\/index.php?rest_route=\/wp\/v2\/types\/page"}],"author":[{"embeddable":true,"href":"http:\/\/isbl.hu\/index.php?rest_route=\/wp\/v2\/users\/2"}],"replies":[{"embeddable":true,"href":"http:\/\/isbl.hu\/index.php?rest_route=%2Fwp%2Fv2%2Fcomments&post=1061"}],"version-history":[{"count":4,"href":"http:\/\/isbl.hu\/index.php?rest_route=\/wp\/v2\/pages\/1061\/revisions"}],"predecessor-version":[{"id":1065,"href":"http:\/\/isbl.hu\/index.php?rest_route=\/wp\/v2\/pages\/1061\/revisions\/1065"}],"wp:attachment":[{"href":"http:\/\/isbl.hu\/index.php?rest_route=%2Fwp%2Fv2%2Fmedia&parent=1061"}],"curies":[{"name":"wp","href":"https:\/\/api.w.org\/{rel}","templated":true}]}}