{"id":1081,"date":"2018-12-04T07:44:15","date_gmt":"2018-12-04T07:44:15","guid":{"rendered":"http:\/\/isbl.hu\/?page_id=1081"},"modified":"2023-06-07T12:51:10","modified_gmt":"2023-06-07T12:51:10","slug":"bemutatkozas","status":"publish","type":"page","link":"http:\/\/isbl.hu\/?page_id=1081&lang=hu","title":{"rendered":"Bemutatkoz\u00e1s"},"content":{"rendered":"\t\t<div data-elementor-type=\"wp-page\" data-elementor-id=\"1081\" class=\"elementor elementor-1081\">\n\t\t\t\t\t\t<section class=\"elementor-section elementor-top-section elementor-element elementor-element-71d34a5 elementor-section-boxed elementor-section-height-default elementor-section-height-default\" data-id=\"71d34a5\" data-element_type=\"section\">\n\t\t\t\t\t\t<div class=\"elementor-container elementor-column-gap-default\">\n\t\t\t\t\t<div class=\"elementor-column elementor-col-100 elementor-top-column elementor-element elementor-element-238b70c\" data-id=\"238b70c\" data-element_type=\"column\">\n\t\t\t<div class=\"elementor-widget-wrap elementor-element-populated\">\n\t\t\t\t\t\t<div class=\"elementor-element elementor-element-4d7ca7d elementor-widget elementor-widget-text-editor\" data-id=\"4d7ca7d\" data-element_type=\"widget\" data-widget_type=\"text-editor.default\">\n\t\t\t\t<div class=\"elementor-widget-container\">\n\t\t\t\t\t\t\t<p style=\"text-align: justify;\">Az In Silico Biomechanikai Laborat\u00f3rium (ISBL), az Orsz\u00e1gos Gerincgy\u00f3gy\u00e1szati K\u00f6zpontban (OGK) m\u0171k\u00f6d\u0151 kutat\u00f3labor. Az In Silico Biomechanikai Laborat\u00f3rium 2018-ban j\u00f6tt l\u00e9tre Dr. \u00c9ltes P\u00e9ter Endre laborvezet\u0151 \u00e9s Dr. Laz\u00e1ry \u00c1ron tudom\u00e1nyos igazgat\u00f3 vezet\u00e9s\u00e9vel, valamint Dr. Varga P\u00e9ter P\u00e1l OGK alap\u00edt\u00f3-f\u0151igazgat\u00f3 t\u00e1mogat\u00e1s\u00e1val.<\/p>\n<p style=\"text-align: justify;\">Az ISBL c\u00e9lja, hogy hidat k\u00e9pezzen a klinikai orvostudom\u00e1ny \u00e9s a m\u00e9rn\u00f6ki tudom\u00e1ny k\u00f6z\u00f6tt az in silico medicina eszk\u00f6zt\u00e1r\u00e1nak felhaszn\u00e1l\u00e1s\u00e1val. A labor a mozg\u00e1sszervek biomechanik\u00e1j\u00e1val foglalkozik, k\u00fcl\u00f6n\u00f6s hangs\u00falyt fektetve a gerincet \u00e9rint\u0151 patol\u00f3gi\u00e1k, instabilit\u00e1sok \u00e9s deform\u00e1ci\u00f3k m\u0171t\u00e9ti kezel\u00e9se sor\u00e1n ny\u00fajtott t\u00e1mogat\u00e1sra.<\/p>\n<p style=\"text-align: justify;\">A laborat\u00f3rium k\u00fcl\u00f6nb\u00f6z\u0151 innovat\u00edv \u00e9s tudom\u00e1nyos m\u00f3dszereket haszn\u00e1l fel a tev\u00e9kenys\u00e9ge sor\u00e1n. Ezek k\u00f6z\u00e9 tartozik az orvosi k\u00e9palkot\u00e1son (CT, MR) alapul\u00f3 v\u00e9geselem modellek fejleszt\u00e9se, az egy\u00e9nspecifikus m\u0171t\u00e9ti eszk\u00f6z\u00f6k el\u0151\u00e1ll\u00edt\u00e1sa 3D nyomtat\u00e1ssal, illetve virtu\u00e1lis m\u0171t\u00e9ti tervez\u00e9s is.<\/p>\t\t\t\t\t\t<\/div>\n\t\t\t\t<\/div>\n\t\t\t\t\t<\/div>\n\t\t<\/div>\n\t\t\t\t\t<\/div>\n\t\t<\/section>\n\t\t\t\t<\/div>\n\t\t","protected":false},"excerpt":{"rendered":"<p>Az In Silico Biomechanikai Laborat\u00f3rium (ISBL), az Orsz\u00e1gos Gerincgy\u00f3gy\u00e1szati K\u00f6zpontban (OGK) m\u0171k\u00f6d\u0151 kutat\u00f3labor. Az In Silico Biomechanikai Laborat\u00f3rium 2018-ban j\u00f6tt l\u00e9tre Dr. \u00c9ltes P\u00e9ter Endre laborvezet\u0151 \u00e9s Dr. Laz\u00e1ry \u00c1ron &#8230;<\/p>\n","protected":false},"author":2,"featured_media":0,"parent":1052,"menu_order":1,"comment_status":"closed","ping_status":"closed","template":"","meta":{"inline_featured_image":false},"_links":{"self":[{"href":"http:\/\/isbl.hu\/index.php?rest_route=\/wp\/v2\/pages\/1081"}],"collection":[{"href":"http:\/\/isbl.hu\/index.php?rest_route=\/wp\/v2\/pages"}],"about":[{"href":"http:\/\/isbl.hu\/index.php?rest_route=\/wp\/v2\/types\/page"}],"author":[{"embeddable":true,"href":"http:\/\/isbl.hu\/index.php?rest_route=\/wp\/v2\/users\/2"}],"replies":[{"embeddable":true,"href":"http:\/\/isbl.hu\/index.php?rest_route=%2Fwp%2Fv2%2Fcomments&post=1081"}],"version-history":[{"count":4,"href":"http:\/\/isbl.hu\/index.php?rest_route=\/wp\/v2\/pages\/1081\/revisions"}],"predecessor-version":[{"id":1419,"href":"http:\/\/isbl.hu\/index.php?rest_route=\/wp\/v2\/pages\/1081\/revisions\/1419"}],"up":[{"embeddable":true,"href":"http:\/\/isbl.hu\/index.php?rest_route=\/wp\/v2\/pages\/1052"}],"wp:attachment":[{"href":"http:\/\/isbl.hu\/index.php?rest_route=%2Fwp%2Fv2%2Fmedia&parent=1081"}],"curies":[{"name":"wp","href":"https:\/\/api.w.org\/{rel}","templated":true}]}}