{"id":1097,"date":"2018-12-04T07:43:05","date_gmt":"2018-12-04T07:43:05","guid":{"rendered":"http:\/\/isbl.hu\/?page_id=1097"},"modified":"2023-04-20T13:54:51","modified_gmt":"2023-04-20T13:54:51","slug":"lezart-projektek","status":"publish","type":"page","link":"http:\/\/isbl.hu\/?page_id=1097&lang=hu","title":{"rendered":"Lez\u00e1rt Projektek"},"content":{"rendered":"\t\t<div data-elementor-type=\"wp-post\" data-elementor-id=\"1097\" class=\"elementor elementor-1097\">\n\t\t\t\t\t\t<section class=\"elementor-section elementor-top-section elementor-element elementor-element-edb8267 elementor-section-boxed elementor-section-height-default elementor-section-height-default\" data-id=\"edb8267\" data-element_type=\"section\">\n\t\t\t\t\t\t<div class=\"elementor-container elementor-column-gap-default\">\n\t\t\t\t\t<div class=\"elementor-column elementor-col-100 elementor-top-column elementor-element elementor-element-b6f50f8\" data-id=\"b6f50f8\" data-element_type=\"column\">\n\t\t\t<div class=\"elementor-widget-wrap elementor-element-populated\">\n\t\t\t\t\t\t<div class=\"elementor-element elementor-element-d931390 elementor-widget elementor-widget-image\" data-id=\"d931390\" data-element_type=\"widget\" data-widget_type=\"image.default\">\n\t\t\t\t<div class=\"elementor-widget-container\">\n\t\t\t\t\t\t\t\t\t\t\t\t\t\t<a href=\"https:\/\/www.sheffield.ac.uk\/spinner-eid\">\n\t\t\t\t\t\t\t<img fetchpriority=\"high\" decoding=\"async\" width=\"659\" height=\"410\" src=\"http:\/\/isbl.hu\/wp-content\/uploads\/2019\/03\/spinner-logo-green.png\" class=\"attachment-full size-full wp-image-323\" alt=\"\" srcset=\"http:\/\/isbl.hu\/wp-content\/uploads\/2019\/03\/spinner-logo-green.png 659w, http:\/\/isbl.hu\/wp-content\/uploads\/2019\/03\/spinner-logo-green-480x300.png 480w, http:\/\/isbl.hu\/wp-content\/uploads\/2019\/03\/spinner-logo-green-300x187.png 300w\" sizes=\"(max-width: 659px) 100vw, 659px\" \/>\t\t\t\t\t\t\t\t<\/a>\n\t\t\t\t\t\t\t\t\t\t\t\t\t<\/div>\n\t\t\t\t<\/div>\n\t\t\t\t<div class=\"elementor-element elementor-element-7b81e23 elementor-widget elementor-widget-text-editor\" data-id=\"7b81e23\" data-element_type=\"widget\" data-widget_type=\"text-editor.default\">\n\t\t\t\t<div class=\"elementor-widget-container\">\n\t\t\t\t\t\t\t<p style=\"text-align: justify;\">A Spinner projekt c\u00e9lja, hogy olyan p\u00e1lyakezd\u0151 biom\u00e9rn\u00f6k-kutat\u00f3kat k\u00e9pezzen, akik k\u00e9pesek a gerincseb\u00e9szetben felhaszn\u00e1lhat\u00f3 m\u0171t\u00e9ti technik\u00e1k \u00e9s anyagok k\u00f6vetkez\u0151 gener\u00e1ci\u00f3j\u00e1nak megtervez\u00e9s\u00e9re. A program \u00f6sszekapcsolja a bioanyagokkal (Fin-Ceramica Faenza), a be\u00fcltethet\u0151 eszk\u00f6z\u00f6kkel (Aesculap) \u00e9s a sz\u00e1m\u00edt\u00f3g\u00e9pes modellez\u00e9ssel (Ansys, Adagos) foglalkoz\u00f3 ipari partnereket ortop\u00e9d seb\u00e9szekkel (Orsz\u00e1gos Gerincgy\u00f3gy\u00e1szati K\u00f6zpont), valamint a bioanyagok kialak\u00edt\u00e1s\u00e1ban r\u00e9sztvev\u0151 kutat\u00f3kkal \u00e9s az orvosi eszk\u00f6z\u00f6k tudom\u00e1nyos szak\u00e9rt\u0151ivel (Sheffieldi \u00e9s Bolognai Egyetem). A programon bel\u00fcl megval\u00f3sul\u00f3 \u00f6sszes projekt mindennapos ipari \u00e9s klinikai kih\u00edv\u00e1sokkal foglalkozik, mivel a komplex gerincm\u0171t\u00e9tre szorul\u00f3 betegek sz\u00e1ma meredeken n\u00f6vekszik, \u00edgy az eg\u00e9szs\u00e9g\u00fcgyi iparnak\u00a0<span style=\"color: var( --e-global-color-text ); font-family: var( --e-global-typography-text-font-family ), Sans-serif; font-weight: var( --e-global-typography-text-font-weight ); font-size: 0.875rem;\">sz\u00fcks\u00e9ge<\/span><span style=\"color: var( --e-global-color-text ); font-family: var( --e-global-typography-text-font-family ), Sans-serif; font-weight: var( --e-global-typography-text-font-weight ); font-size: 0.875rem;\">\u00a0van olyan j\u00f3l<\/span><span style=\"color: var( --e-global-color-text ); font-family: var( --e-global-typography-text-font-family ), Sans-serif; font-weight: var( --e-global-typography-text-font-weight ); font-size: 0.875rem;\">\u00a0k\u00e9pzett, innovat\u00edv m\u00e9rn\u00f6k\u00f6kre, akik gazdas\u00e1gos megold\u00e1sokkal tudj\u00e1k seg\u00edteni az eur\u00f3pai emberek eg\u00e9szs\u00e9g\u00e9nek meg\u0151rz\u00e9s\u00e9t.<\/span><\/p>\t\t\t\t\t\t<\/div>\n\t\t\t\t<\/div>\n\t\t\t\t\t<\/div>\n\t\t<\/div>\n\t\t\t\t\t<\/div>\n\t\t<\/section>\n\t\t\t\t<section class=\"elementor-section elementor-top-section elementor-element elementor-element-fe47535 elementor-section-boxed elementor-section-height-default elementor-section-height-default\" data-id=\"fe47535\" data-element_type=\"section\">\n\t\t\t\t\t\t<div class=\"elementor-container elementor-column-gap-default\">\n\t\t\t\t\t<div class=\"elementor-column elementor-col-25 elementor-top-column elementor-element elementor-element-5e7ccca\" data-id=\"5e7ccca\" data-element_type=\"column\">\n\t\t\t<div class=\"elementor-widget-wrap elementor-element-populated\">\n\t\t\t\t\t\t<div class=\"elementor-element elementor-element-7dcf499 elementor-widget elementor-widget-image\" data-id=\"7dcf499\" data-element_type=\"widget\" data-widget_type=\"image.default\">\n\t\t\t\t<div class=\"elementor-widget-container\">\n\t\t\t\t\t\t\t\t\t\t\t\t\t<img decoding=\"async\" src=\"http:\/\/isbl.hu\/wp-content\/uploads\/elementor\/thumbs\/logo-adagos-1-o4gule3b8uanjj604by3z7p6o7f3qqymjfpvg1dybk.png\" title=\"logo-adagos\" alt=\"logo-adagos\" loading=\"lazy\" \/>\t\t\t\t\t\t\t\t\t\t\t\t\t<\/div>\n\t\t\t\t<\/div>\n\t\t\t\t\t<\/div>\n\t\t<\/div>\n\t\t\t\t<div class=\"elementor-column elementor-col-25 elementor-top-column elementor-element elementor-element-63e5e60\" data-id=\"63e5e60\" data-element_type=\"column\">\n\t\t\t<div class=\"elementor-widget-wrap elementor-element-populated\">\n\t\t\t\t\t\t<div class=\"elementor-element elementor-element-6c86093 elementor-widget elementor-widget-image\" data-id=\"6c86093\" data-element_type=\"widget\" data-widget_type=\"image.default\">\n\t\t\t\t<div class=\"elementor-widget-container\">\n\t\t\t\t\t\t\t\t\t\t\t\t\t<img decoding=\"async\" src=\"http:\/\/isbl.hu\/wp-content\/uploads\/elementor\/thumbs\/ANSYS_logo-o4gun60c5kq16by254gbp2n86p6zbbw83siy1xl1j4.png\" title=\"ANSYS_logo\" alt=\"ANSYS_logo\" loading=\"lazy\" \/>\t\t\t\t\t\t\t\t\t\t\t\t\t<\/div>\n\t\t\t\t<\/div>\n\t\t\t\t\t<\/div>\n\t\t<\/div>\n\t\t\t\t<div class=\"elementor-column elementor-col-25 elementor-top-column elementor-element elementor-element-1eb2204\" data-id=\"1eb2204\" data-element_type=\"column\">\n\t\t\t<div class=\"elementor-widget-wrap elementor-element-populated\">\n\t\t\t\t\t\t<div class=\"elementor-element elementor-element-e9f69ee elementor-widget elementor-widget-image\" data-id=\"e9f69ee\" data-element_type=\"widget\" data-widget_type=\"image.default\">\n\t\t\t\t<div class=\"elementor-widget-container\">\n\t\t\t\t\t\t\t\t\t\t\t\t\t<img decoding=\"async\" src=\"http:\/\/isbl.hu\/wp-content\/uploads\/elementor\/thumbs\/Aesculap-Logo.svg_-o4gur22afw1r88amfazqilawp40o68c8b1qak5tds0.png\" title=\"Aesculap-Logo.svg\" alt=\"Aesculap-Logo.svg\" loading=\"lazy\" \/>\t\t\t\t\t\t\t\t\t\t\t\t\t<\/div>\n\t\t\t\t<\/div>\n\t\t\t\t\t<\/div>\n\t\t<\/div>\n\t\t\t\t<div class=\"elementor-column elementor-col-25 elementor-top-column elementor-element elementor-element-4cf59c6\" data-id=\"4cf59c6\" data-element_type=\"column\">\n\t\t\t<div class=\"elementor-widget-wrap elementor-element-populated\">\n\t\t\t\t\t\t<div class=\"elementor-element elementor-element-757ef0c elementor-widget elementor-widget-image\" data-id=\"757ef0c\" data-element_type=\"widget\" data-widget_type=\"image.default\">\n\t\t\t\t<div class=\"elementor-widget-container\">\n\t\t\t\t\t\t\t\t\t\t\t\t\t<img decoding=\"async\" width=\"800\" height=\"320\" src=\"http:\/\/isbl.hu\/wp-content\/uploads\/2019\/03\/FCF_Logo.jpg\" class=\"attachment-full size-full wp-image-343\" alt=\"\" srcset=\"http:\/\/isbl.hu\/wp-content\/uploads\/2019\/03\/FCF_Logo.jpg 800w, http:\/\/isbl.hu\/wp-content\/uploads\/2019\/03\/FCF_Logo-768x307.jpg 768w, http:\/\/isbl.hu\/wp-content\/uploads\/2019\/03\/FCF_Logo-300x120.jpg 300w\" sizes=\"(max-width: 800px) 100vw, 800px\" \/>\t\t\t\t\t\t\t\t\t\t\t\t\t<\/div>\n\t\t\t\t<\/div>\n\t\t\t\t\t<\/div>\n\t\t<\/div>\n\t\t\t\t\t<\/div>\n\t\t<\/section>\n\t\t\t\t<section class=\"elementor-section elementor-top-section elementor-element elementor-element-53050c8 elementor-section-boxed elementor-section-height-default elementor-section-height-default\" data-id=\"53050c8\" data-element_type=\"section\">\n\t\t\t\t\t\t<div class=\"elementor-container elementor-column-gap-default\">\n\t\t\t\t\t<div class=\"elementor-column elementor-col-25 elementor-top-column elementor-element elementor-element-408c74f\" data-id=\"408c74f\" data-element_type=\"column\">\n\t\t\t<div class=\"elementor-widget-wrap elementor-element-populated\">\n\t\t\t\t\t\t<div class=\"elementor-element elementor-element-77b59c5 elementor-widget elementor-widget-image\" data-id=\"77b59c5\" data-element_type=\"widget\" data-widget_type=\"image.default\">\n\t\t\t\t<div class=\"elementor-widget-container\">\n\t\t\t\t\t\t\t\t\t\t\t\t\t<img decoding=\"async\" width=\"1024\" height=\"414\" src=\"http:\/\/isbl.hu\/wp-content\/uploads\/2023\/04\/OGK_english_big_v3.png\" class=\"attachment-full size-full wp-image-1189\" alt=\"\" srcset=\"http:\/\/isbl.hu\/wp-content\/uploads\/2023\/04\/OGK_english_big_v3.png 1024w, http:\/\/isbl.hu\/wp-content\/uploads\/2023\/04\/OGK_english_big_v3-768x311.png 768w\" sizes=\"(max-width: 1024px) 100vw, 1024px\" \/>\t\t\t\t\t\t\t\t\t\t\t\t\t<\/div>\n\t\t\t\t<\/div>\n\t\t\t\t\t<\/div>\n\t\t<\/div>\n\t\t\t\t<div class=\"elementor-column elementor-col-25 elementor-top-column elementor-element elementor-element-3e5808c\" data-id=\"3e5808c\" data-element_type=\"column\">\n\t\t\t<div class=\"elementor-widget-wrap elementor-element-populated\">\n\t\t\t\t\t\t<div class=\"elementor-element elementor-element-297c5a2 elementor-widget elementor-widget-image\" data-id=\"297c5a2\" data-element_type=\"widget\" data-widget_type=\"image.default\">\n\t\t\t\t<div class=\"elementor-widget-container\">\n\t\t\t\t\t\t\t\t\t\t\t\t\t<img loading=\"lazy\" decoding=\"async\" width=\"480\" height=\"299\" src=\"http:\/\/isbl.hu\/wp-content\/uploads\/2019\/03\/Studiare-inglese-all_Universita\u0300-di-Bologna.png\" class=\"attachment-full size-full wp-image-354\" alt=\"\" srcset=\"http:\/\/isbl.hu\/wp-content\/uploads\/2019\/03\/Studiare-inglese-all_Universita\u0300-di-Bologna.png 480w, http:\/\/isbl.hu\/wp-content\/uploads\/2019\/03\/Studiare-inglese-all_Universita\u0300-di-Bologna-300x187.png 300w\" sizes=\"(max-width: 480px) 100vw, 480px\" \/>\t\t\t\t\t\t\t\t\t\t\t\t\t<\/div>\n\t\t\t\t<\/div>\n\t\t\t\t\t<\/div>\n\t\t<\/div>\n\t\t\t\t<div class=\"elementor-column elementor-col-25 elementor-top-column elementor-element elementor-element-1be50ec\" data-id=\"1be50ec\" data-element_type=\"column\">\n\t\t\t<div class=\"elementor-widget-wrap elementor-element-populated\">\n\t\t\t\t\t\t<div class=\"elementor-element elementor-element-e512614 elementor-widget elementor-widget-image\" data-id=\"e512614\" data-element_type=\"widget\" data-widget_type=\"image.default\">\n\t\t\t\t<div class=\"elementor-widget-container\">\n\t\t\t\t\t\t\t\t\t\t\t\t\t<img loading=\"lazy\" decoding=\"async\" width=\"1024\" height=\"414\" src=\"http:\/\/isbl.hu\/wp-content\/uploads\/2023\/04\/TUOS_PRIMARY_LOGO_FULL-COLOUR.png\" class=\"attachment-large size-large wp-image-1185\" alt=\"\" srcset=\"http:\/\/isbl.hu\/wp-content\/uploads\/2023\/04\/TUOS_PRIMARY_LOGO_FULL-COLOUR.png 1024w, http:\/\/isbl.hu\/wp-content\/uploads\/2023\/04\/TUOS_PRIMARY_LOGO_FULL-COLOUR-768x311.png 768w\" sizes=\"(max-width: 1024px) 100vw, 1024px\" \/>\t\t\t\t\t\t\t\t\t\t\t\t\t<\/div>\n\t\t\t\t<\/div>\n\t\t\t\t\t<\/div>\n\t\t<\/div>\n\t\t\t\t<div class=\"elementor-column elementor-col-25 elementor-top-column elementor-element elementor-element-0896c25\" data-id=\"0896c25\" data-element_type=\"column\">\n\t\t\t<div class=\"elementor-widget-wrap\">\n\t\t\t\t\t\t\t<\/div>\n\t\t<\/div>\n\t\t\t\t\t<\/div>\n\t\t<\/section>\n\t\t\t\t<section class=\"elementor-section elementor-top-section elementor-element elementor-element-9d02f7c elementor-section-boxed elementor-section-height-default elementor-section-height-default\" data-id=\"9d02f7c\" data-element_type=\"section\">\n\t\t\t\t\t\t<div class=\"elementor-container elementor-column-gap-default\">\n\t\t\t\t\t<div class=\"elementor-column elementor-col-100 elementor-top-column elementor-element elementor-element-5c390a3\" data-id=\"5c390a3\" data-element_type=\"column\">\n\t\t\t<div class=\"elementor-widget-wrap elementor-element-populated\">\n\t\t\t\t\t\t<div class=\"elementor-element elementor-element-1cb9efb elementor-widget elementor-widget-spacer\" data-id=\"1cb9efb\" data-element_type=\"widget\" data-widget_type=\"spacer.default\">\n\t\t\t\t<div class=\"elementor-widget-container\">\n\t\t\t\t\t<div class=\"elementor-spacer\">\n\t\t\t<div class=\"elementor-spacer-inner\"><\/div>\n\t\t<\/div>\n\t\t\t\t<\/div>\n\t\t\t\t<\/div>\n\t\t\t\t\t<\/div>\n\t\t<\/div>\n\t\t\t\t\t<\/div>\n\t\t<\/section>\n\t\t\t\t<section class=\"elementor-section elementor-top-section elementor-element elementor-element-334e32d elementor-section-full_width elementor-section-height-default elementor-section-height-default\" data-id=\"334e32d\" data-element_type=\"section\">\n\t\t\t\t\t\t<div class=\"elementor-container elementor-column-gap-default\">\n\t\t\t\t\t<div class=\"elementor-column elementor-col-50 elementor-top-column elementor-element elementor-element-65222a6\" data-id=\"65222a6\" data-element_type=\"column\">\n\t\t\t<div class=\"elementor-widget-wrap elementor-element-populated\">\n\t\t\t\t\t\t<div class=\"elementor-element elementor-element-10d06c8 elementor-widget elementor-widget-image\" data-id=\"10d06c8\" data-element_type=\"widget\" data-widget_type=\"image.default\">\n\t\t\t\t<div class=\"elementor-widget-container\">\n\t\t\t\t\t\t\t\t\t\t\t\t\t<img loading=\"lazy\" decoding=\"async\" width=\"1024\" height=\"683\" src=\"http:\/\/isbl.hu\/wp-content\/uploads\/2019\/03\/flag_yellow_high-1024x683.jpg\" class=\"attachment-large size-large wp-image-362\" alt=\"\" srcset=\"http:\/\/isbl.hu\/wp-content\/uploads\/2019\/03\/flag_yellow_high-1024x683.jpg 1024w, http:\/\/isbl.hu\/wp-content\/uploads\/2019\/03\/flag_yellow_high-768x512.jpg 768w, http:\/\/isbl.hu\/wp-content\/uploads\/2019\/03\/flag_yellow_high-272x182.jpg 272w, http:\/\/isbl.hu\/wp-content\/uploads\/2019\/03\/flag_yellow_high-300x200.jpg 300w\" sizes=\"(max-width: 1024px) 100vw, 1024px\" \/>\t\t\t\t\t\t\t\t\t\t\t\t\t<\/div>\n\t\t\t\t<\/div>\n\t\t\t\t\t<\/div>\n\t\t<\/div>\n\t\t\t\t<div class=\"elementor-column elementor-col-50 elementor-top-column elementor-element elementor-element-33403cc\" data-id=\"33403cc\" data-element_type=\"column\">\n\t\t\t<div class=\"elementor-widget-wrap elementor-element-populated\">\n\t\t\t\t\t\t<div class=\"elementor-element elementor-element-8e8f7eb elementor-widget elementor-widget-text-editor\" data-id=\"8e8f7eb\" data-element_type=\"widget\" data-widget_type=\"text-editor.default\">\n\t\t\t\t<div class=\"elementor-widget-container\">\n\t\t\t\t\t\t\t<p style=\"text-align: justify;\"><em>A projekt az Eur\u00f3pai Uni\u00f3 Horizont 2020 kutat\u00e1si \u00e9s innov\u00e1ci\u00f3s programj\u00e1ban, a 766012-es sz\u00e1m\u00fa\u00a0<\/em><em style=\"color: var( --e-global-color-text ); font-family: var( --e-global-typography-text-font-family ), Sans-serif; font-weight: var( --e-global-typography-text-font-weight ); font-size: 0.875rem;\">Marie Sk\u0142odowska-Curie \u00f6szt\u00f6nd\u00edj keretein bel\u00fcl nyert finansz\u00edroz\u00e1st.<\/em><\/p>\t\t\t\t\t\t<\/div>\n\t\t\t\t<\/div>\n\t\t\t\t\t<\/div>\n\t\t<\/div>\n\t\t\t\t\t<\/div>\n\t\t<\/section>\n\t\t\t\t<section class=\"elementor-section elementor-top-section elementor-element elementor-element-5b24243 elementor-section-boxed elementor-section-height-default elementor-section-height-default\" data-id=\"5b24243\" data-element_type=\"section\">\n\t\t\t\t\t\t<div class=\"elementor-container elementor-column-gap-default\">\n\t\t\t\t\t<div class=\"elementor-column elementor-col-100 elementor-top-column elementor-element elementor-element-58e42dd\" data-id=\"58e42dd\" data-element_type=\"column\">\n\t\t\t<div class=\"elementor-widget-wrap elementor-element-populated\">\n\t\t\t\t\t\t<div class=\"elementor-element elementor-element-d5de610 elementor-widget elementor-widget-spacer\" data-id=\"d5de610\" data-element_type=\"widget\" data-widget_type=\"spacer.default\">\n\t\t\t\t<div class=\"elementor-widget-container\">\n\t\t\t\t\t<div class=\"elementor-spacer\">\n\t\t\t<div class=\"elementor-spacer-inner\"><\/div>\n\t\t<\/div>\n\t\t\t\t<\/div>\n\t\t\t\t<\/div>\n\t\t\t\t<div class=\"elementor-element elementor-element-574e6cd elementor-widget-divider--view-line elementor-widget elementor-widget-divider\" data-id=\"574e6cd\" data-element_type=\"widget\" data-widget_type=\"divider.default\">\n\t\t\t\t<div class=\"elementor-widget-container\">\n\t\t\t\t\t<div class=\"elementor-divider\">\n\t\t\t<span class=\"elementor-divider-separator\">\n\t\t\t\t\t\t<\/span>\n\t\t<\/div>\n\t\t\t\t<\/div>\n\t\t\t\t<\/div>\n\t\t\t\t<div class=\"elementor-element elementor-element-106cb92 elementor-widget elementor-widget-spacer\" data-id=\"106cb92\" data-element_type=\"widget\" data-widget_type=\"spacer.default\">\n\t\t\t\t<div class=\"elementor-widget-container\">\n\t\t\t\t\t<div class=\"elementor-spacer\">\n\t\t\t<div class=\"elementor-spacer-inner\"><\/div>\n\t\t<\/div>\n\t\t\t\t<\/div>\n\t\t\t\t<\/div>\n\t\t\t\t<div class=\"elementor-element elementor-element-45ebf90 elementor-widget elementor-widget-heading\" data-id=\"45ebf90\" data-element_type=\"widget\" data-widget_type=\"heading.default\">\n\t\t\t\t<div class=\"elementor-widget-container\">\n\t\t\t<h2 class=\"elementor-heading-title elementor-size-default\"><a href=\"http:\/\/nyilvanos.otka-palyazat.hu\/index.php?menuid=930&#038;num=123884&#038;lang=EN\">STABILIT\u00c1S: in silico 3D szimul\u00e1ci\u00f3s kutat\u00e1sok a spin\u00e1lis instabilit\u00e1s specifikus form\u00e1inak egy\u00e9nre szabott intervenci\u00f3ja \u00e9rdek\u00e9ben<\/a><\/h2>\t\t<\/div>\n\t\t\t\t<\/div>\n\t\t\t\t<div class=\"elementor-element elementor-element-675b2e3 elementor-widget elementor-widget-spacer\" data-id=\"675b2e3\" data-element_type=\"widget\" data-widget_type=\"spacer.default\">\n\t\t\t\t<div class=\"elementor-widget-container\">\n\t\t\t\t\t<div class=\"elementor-spacer\">\n\t\t\t<div class=\"elementor-spacer-inner\"><\/div>\n\t\t<\/div>\n\t\t\t\t<\/div>\n\t\t\t\t<\/div>\n\t\t\t\t\t<\/div>\n\t\t<\/div>\n\t\t\t\t\t<\/div>\n\t\t<\/section>\n\t\t\t\t<section class=\"elementor-section elementor-top-section elementor-element elementor-element-bf8aa56 elementor-section-boxed elementor-section-height-default elementor-section-height-default\" data-id=\"bf8aa56\" data-element_type=\"section\">\n\t\t\t\t\t\t<div class=\"elementor-container elementor-column-gap-default\">\n\t\t\t\t\t<div class=\"elementor-column elementor-col-50 elementor-top-column elementor-element elementor-element-e0ac72b\" data-id=\"e0ac72b\" data-element_type=\"column\">\n\t\t\t<div class=\"elementor-widget-wrap elementor-element-populated\">\n\t\t\t\t\t\t<div class=\"elementor-element elementor-element-053d74a elementor-widget elementor-widget-text-editor\" data-id=\"053d74a\" data-element_type=\"widget\" data-widget_type=\"text-editor.default\">\n\t\t\t\t<div class=\"elementor-widget-container\">\n\t\t\t\t\t\t\t<p style=\"text-align: left;\"><strong>Vezet\u0151 kutat\u00f3:<\/strong> \u00c1ron Laz\u00e1ry<\/p><p style=\"text-align: left;\"><strong>Projekt Azonos\u00edt\u00f3: <\/strong>FK123884<\/p>\t\t\t\t\t\t<\/div>\n\t\t\t\t<\/div>\n\t\t\t\t\t<\/div>\n\t\t<\/div>\n\t\t\t\t<div class=\"elementor-column elementor-col-50 elementor-top-column elementor-element elementor-element-eaa8f69\" data-id=\"eaa8f69\" data-element_type=\"column\">\n\t\t\t<div class=\"elementor-widget-wrap elementor-element-populated\">\n\t\t\t\t\t\t<div class=\"elementor-element elementor-element-43332ff elementor-widget elementor-widget-image\" data-id=\"43332ff\" data-element_type=\"widget\" data-widget_type=\"image.default\">\n\t\t\t\t<div class=\"elementor-widget-container\">\n\t\t\t\t\t\t\t\t\t\t\t\t\t<img loading=\"lazy\" decoding=\"async\" width=\"941\" height=\"672\" src=\"http:\/\/isbl.hu\/wp-content\/uploads\/2019\/03\/Bereczki.jpg\" class=\"attachment-large size-large wp-image-370\" alt=\"\" srcset=\"http:\/\/isbl.hu\/wp-content\/uploads\/2019\/03\/Bereczki.jpg 941w, http:\/\/isbl.hu\/wp-content\/uploads\/2019\/03\/Bereczki-768x548.jpg 768w, http:\/\/isbl.hu\/wp-content\/uploads\/2019\/03\/Bereczki-300x214.jpg 300w\" sizes=\"(max-width: 941px) 100vw, 941px\" \/>\t\t\t\t\t\t\t\t\t\t\t\t\t<\/div>\n\t\t\t\t<\/div>\n\t\t\t\t\t<\/div>\n\t\t<\/div>\n\t\t\t\t\t<\/div>\n\t\t<\/section>\n\t\t\t\t<section class=\"elementor-section elementor-top-section elementor-element elementor-element-bfd5ad4 elementor-section-boxed elementor-section-height-default elementor-section-height-default\" data-id=\"bfd5ad4\" data-element_type=\"section\">\n\t\t\t\t\t\t<div class=\"elementor-container elementor-column-gap-default\">\n\t\t\t\t\t<div class=\"elementor-column elementor-col-100 elementor-top-column elementor-element elementor-element-7b18363\" data-id=\"7b18363\" data-element_type=\"column\">\n\t\t\t<div class=\"elementor-widget-wrap elementor-element-populated\">\n\t\t\t\t\t\t<div class=\"elementor-element elementor-element-4b5f971 elementor-widget elementor-widget-image\" data-id=\"4b5f971\" data-element_type=\"widget\" data-widget_type=\"image.default\">\n\t\t\t\t<div class=\"elementor-widget-container\">\n\t\t\t\t\t\t\t\t\t\t\t\t\t<img loading=\"lazy\" decoding=\"async\" width=\"1541\" height=\"698\" src=\"http:\/\/isbl.hu\/wp-content\/uploads\/2023\/04\/NKFIA_infoblokk_kerettel_program_fekvo_HU.jpg\" class=\"attachment-large size-large wp-image-1180\" alt=\"\" srcset=\"http:\/\/isbl.hu\/wp-content\/uploads\/2023\/04\/NKFIA_infoblokk_kerettel_program_fekvo_HU.jpg 1541w, http:\/\/isbl.hu\/wp-content\/uploads\/2023\/04\/NKFIA_infoblokk_kerettel_program_fekvo_HU-768x348.jpg 768w, http:\/\/isbl.hu\/wp-content\/uploads\/2023\/04\/NKFIA_infoblokk_kerettel_program_fekvo_HU-1536x696.jpg 1536w\" sizes=\"(max-width: 1541px) 100vw, 1541px\" \/>\t\t\t\t\t\t\t\t\t\t\t\t\t<\/div>\n\t\t\t\t<\/div>\n\t\t\t\t\t<\/div>\n\t\t<\/div>\n\t\t\t\t\t<\/div>\n\t\t<\/section>\n\t\t\t\t<\/div>\n\t\t","protected":false},"excerpt":{"rendered":"<p>A Spinner projekt c\u00e9lja, hogy olyan p\u00e1lyakezd\u0151 biom\u00e9rn\u00f6k-kutat\u00f3kat k\u00e9pezzen, akik k\u00e9pesek a gerincseb\u00e9szetben felhaszn\u00e1lhat\u00f3 m\u0171t\u00e9ti technik\u00e1k \u00e9s anyagok k\u00f6vetkez\u0151 gener\u00e1ci\u00f3j\u00e1nak megtervez\u00e9s\u00e9re. A program \u00f6sszekapcsolja a bioanyagokkal (Fin-Ceramica Faenza), a be\u00fcltethet\u0151 &#8230;<\/p>\n","protected":false},"author":2,"featured_media":0,"parent":0,"menu_order":0,"comment_status":"closed","ping_status":"closed","template":"","meta":{"inline_featured_image":false},"_links":{"self":[{"href":"http:\/\/isbl.hu\/index.php?rest_route=\/wp\/v2\/pages\/1097"}],"collection":[{"href":"http:\/\/isbl.hu\/index.php?rest_route=\/wp\/v2\/pages"}],"about":[{"href":"http:\/\/isbl.hu\/index.php?rest_route=\/wp\/v2\/types\/page"}],"author":[{"embeddable":true,"href":"http:\/\/isbl.hu\/index.php?rest_route=\/wp\/v2\/users\/2"}],"replies":[{"embeddable":true,"href":"http:\/\/isbl.hu\/index.php?rest_route=%2Fwp%2Fv2%2Fcomments&post=1097"}],"version-history":[{"count":13,"href":"http:\/\/isbl.hu\/index.php?rest_route=\/wp\/v2\/pages\/1097\/revisions"}],"predecessor-version":[{"id":1271,"href":"http:\/\/isbl.hu\/index.php?rest_route=\/wp\/v2\/pages\/1097\/revisions\/1271"}],"wp:attachment":[{"href":"http:\/\/isbl.hu\/index.php?rest_route=%2Fwp%2Fv2%2Fmedia&parent=1097"}],"curies":[{"name":"wp","href":"https:\/\/api.w.org\/{rel}","templated":true}]}}