{"id":1244,"date":"2023-04-20T13:26:57","date_gmt":"2023-04-20T13:26:57","guid":{"rendered":"http:\/\/isbl.hu\/?page_id=1244"},"modified":"2023-04-20T13:37:25","modified_gmt":"2023-04-20T13:37:25","slug":"advisory-board-english","status":"publish","type":"page","link":"http:\/\/isbl.hu\/?page_id=1244","title":{"rendered":"Advisory Board English"},"content":{"rendered":"\t\t<div data-elementor-type=\"wp-page\" data-elementor-id=\"1244\" class=\"elementor elementor-1244\">\n\t\t\t\t\t\t<section class=\"elementor-section elementor-top-section elementor-element elementor-element-3f7d629 elementor-section-boxed elementor-section-height-default elementor-section-height-default\" data-id=\"3f7d629\" data-element_type=\"section\">\n\t\t\t\t\t\t<div class=\"elementor-container elementor-column-gap-default\">\n\t\t\t\t\t<div class=\"elementor-column elementor-col-100 elementor-top-column elementor-element elementor-element-70ab719\" data-id=\"70ab719\" data-element_type=\"column\">\n\t\t\t<div class=\"elementor-widget-wrap elementor-element-populated\">\n\t\t\t\t\t\t<section class=\"elementor-section elementor-inner-section elementor-element elementor-element-74ce8e7 elementor-section-boxed elementor-section-height-default elementor-section-height-default\" data-id=\"74ce8e7\" data-element_type=\"section\">\n\t\t\t\t\t\t<div class=\"elementor-container elementor-column-gap-default\">\n\t\t\t\t\t<div class=\"elementor-column elementor-col-33 elementor-inner-column elementor-element elementor-element-0708440\" data-id=\"0708440\" data-element_type=\"column\">\n\t\t\t<div class=\"elementor-widget-wrap elementor-element-populated\">\n\t\t\t\t\t\t<div class=\"elementor-element elementor-element-17d29cc elementor-widget elementor-widget-image\" data-id=\"17d29cc\" data-element_type=\"widget\" data-widget_type=\"image.default\">\n\t\t\t\t<div class=\"elementor-widget-container\">\n\t\t\t\t\t\t\t\t\t\t\t\t\t\t<a href=\"https:\/\/bhc.hu\/magunkrol\/vezerigazgato\">\n\t\t\t\t\t\t\t<img fetchpriority=\"high\" decoding=\"async\" width=\"2283\" height=\"1593\" src=\"http:\/\/isbl.hu\/wp-content\/uploads\/2023\/03\/dr-csernavolgyi-istvan_3.png\" class=\"attachment-large size-large wp-image-629\" alt=\"\" srcset=\"http:\/\/isbl.hu\/wp-content\/uploads\/2023\/03\/dr-csernavolgyi-istvan_3.png 2283w, http:\/\/isbl.hu\/wp-content\/uploads\/2023\/03\/dr-csernavolgyi-istvan_3-768x536.png 768w, http:\/\/isbl.hu\/wp-content\/uploads\/2023\/03\/dr-csernavolgyi-istvan_3-1536x1072.png 1536w, http:\/\/isbl.hu\/wp-content\/uploads\/2023\/03\/dr-csernavolgyi-istvan_3-2048x1429.png 2048w\" sizes=\"(max-width: 2283px) 100vw, 2283px\" \/>\t\t\t\t\t\t\t\t<\/a>\n\t\t\t\t\t\t\t\t\t\t\t\t\t<\/div>\n\t\t\t\t<\/div>\n\t\t\t\t<div class=\"elementor-element elementor-element-0d5a3c3 elementor-widget elementor-widget-text-editor\" data-id=\"0d5a3c3\" data-element_type=\"widget\" data-widget_type=\"text-editor.default\">\n\t\t\t\t<div class=\"elementor-widget-container\">\n\t\t\t\t\t\t\t<h3 style=\"text-align: center;\"><a href=\"https:\/\/bhc.hu\/magunkrol\/vezerigazgato\">Istv\u00e1n Csernav\u00f6lgyi<\/a><\/h3>\n<div class=\"wpsm_team_1_name_divider\"><\/div>\n<p style=\"text-align: center; font-size: 14px; color: #444; margin-top: 12px;\"><span style=\"font-family: var( --e-global-typography-text-font-family ), Sans-serif; font-weight: var( --e-global-typography-text-font-weight );\">CEO<\/span><\/p>\n<p style=\"text-align: center; font-size: 12px; color: #555;\">Buda Health Center<\/p>\t\t\t\t\t\t<\/div>\n\t\t\t\t<\/div>\n\t\t\t\t\t<\/div>\n\t\t<\/div>\n\t\t\t\t<div class=\"elementor-column elementor-col-33 elementor-inner-column elementor-element elementor-element-a10d964\" data-id=\"a10d964\" data-element_type=\"column\">\n\t\t\t<div class=\"elementor-widget-wrap elementor-element-populated\">\n\t\t\t\t\t\t<div class=\"elementor-element elementor-element-6993c40 elementor-widget elementor-widget-image\" data-id=\"6993c40\" data-element_type=\"widget\" data-widget_type=\"image.default\">\n\t\t\t\t<div class=\"elementor-widget-container\">\n\t\t\t\t\t\t\t\t\t\t\t\t\t\t<a href=\"https:\/\/ogk.hu\/munkatarsaink\/igazgatosag\/dr-hoffer-zoltan\">\n\t\t\t\t\t\t\t<img decoding=\"async\" width=\"2500\" height=\"1745\" src=\"http:\/\/isbl.hu\/wp-content\/uploads\/2023\/03\/dr-hoffer-zoltan.png\" class=\"attachment-large size-large wp-image-630\" alt=\"\" srcset=\"http:\/\/isbl.hu\/wp-content\/uploads\/2023\/03\/dr-hoffer-zoltan.png 2500w, http:\/\/isbl.hu\/wp-content\/uploads\/2023\/03\/dr-hoffer-zoltan-768x536.png 768w, http:\/\/isbl.hu\/wp-content\/uploads\/2023\/03\/dr-hoffer-zoltan-1536x1072.png 1536w, http:\/\/isbl.hu\/wp-content\/uploads\/2023\/03\/dr-hoffer-zoltan-2048x1430.png 2048w\" sizes=\"(max-width: 2500px) 100vw, 2500px\" \/>\t\t\t\t\t\t\t\t<\/a>\n\t\t\t\t\t\t\t\t\t\t\t\t\t<\/div>\n\t\t\t\t<\/div>\n\t\t\t\t<div class=\"elementor-element elementor-element-5697893 elementor-widget elementor-widget-text-editor\" data-id=\"5697893\" data-element_type=\"widget\" data-widget_type=\"text-editor.default\">\n\t\t\t\t<div class=\"elementor-widget-container\">\n\t\t\t\t\t\t\t<h3 style=\"text-align: center;\"><a href=\"https:\/\/ogk.hu\/munkatarsaink\/igazgatosag\/dr-hoffer-zoltan\">Zolt\u00e1n Hoffer<\/a><\/h3><div class=\"wpsm_team_1_name_divider\">\u00a0<\/div><p style=\"text-align: center; font-size: 14px; color: #444; margin-top: 12px;\">General Director<\/p><p style=\"text-align: center; font-size: 12px; color: #555;\">National Center For Spinal Disorders<\/p>\t\t\t\t\t\t<\/div>\n\t\t\t\t<\/div>\n\t\t\t\t\t<\/div>\n\t\t<\/div>\n\t\t\t\t<div class=\"elementor-column elementor-col-33 elementor-inner-column elementor-element elementor-element-2b221f5\" data-id=\"2b221f5\" data-element_type=\"column\">\n\t\t\t<div class=\"elementor-widget-wrap elementor-element-populated\">\n\t\t\t\t\t\t<div class=\"elementor-element elementor-element-a31d9cb elementor-widget elementor-widget-image\" data-id=\"a31d9cb\" data-element_type=\"widget\" data-widget_type=\"image.default\">\n\t\t\t\t<div class=\"elementor-widget-container\">\n\t\t\t\t\t\t\t\t\t\t\t\t\t\t<a href=\"https:\/\/ogk.hu\/munkatarsaink\/igazgatosag\/dr-lazary-aron\">\n\t\t\t\t\t\t\t<img decoding=\"async\" width=\"1000\" height=\"692\" src=\"http:\/\/isbl.hu\/wp-content\/uploads\/2023\/03\/lazary-aron2.png\" class=\"attachment-large size-large wp-image-631\" alt=\"\" srcset=\"http:\/\/isbl.hu\/wp-content\/uploads\/2023\/03\/lazary-aron2.png 1000w, http:\/\/isbl.hu\/wp-content\/uploads\/2023\/03\/lazary-aron2-768x531.png 768w\" sizes=\"(max-width: 1000px) 100vw, 1000px\" \/>\t\t\t\t\t\t\t\t<\/a>\n\t\t\t\t\t\t\t\t\t\t\t\t\t<\/div>\n\t\t\t\t<\/div>\n\t\t\t\t<div class=\"elementor-element elementor-element-9f01682 elementor-widget elementor-widget-text-editor\" data-id=\"9f01682\" data-element_type=\"widget\" data-widget_type=\"text-editor.default\">\n\t\t\t\t<div class=\"elementor-widget-container\">\n\t\t\t\t\t\t\t<h3 style=\"text-align: center;\"><a href=\"https:\/\/ogk.hu\/munkatarsaink\/igazgatosag\/dr-lazary-aron\">\u00c1ron Laz\u00e1ry<\/a><\/h3><div class=\"wpsm_team_1_name_divider\">\u00a0<\/div><p style=\"text-align: center; font-size: 14px; color: #444; margin-top: 12px;\">Deputy Director, Head of R&amp;D<\/p><p style=\"text-align: center; font-size: 12px; color: #555;\">National Center For Spinal Disorders<\/p>\t\t\t\t\t\t<\/div>\n\t\t\t\t<\/div>\n\t\t\t\t\t<\/div>\n\t\t<\/div>\n\t\t\t\t\t<\/div>\n\t\t<\/section>\n\t\t\t\t\t<\/div>\n\t\t<\/div>\n\t\t\t\t\t<\/div>\n\t\t<\/section>\n\t\t\t\t<\/div>\n\t\t","protected":false},"excerpt":{"rendered":"<p>Istv\u00e1n Csernav\u00f6lgyi CEO Buda Health Center Zolt\u00e1n Hoffer \u00a0 General Director National Center For Spinal Disorders \u00c1ron Laz\u00e1ry \u00a0 Deputy Director, Head of R&amp;D National Center For Spinal Disorders<\/p>\n","protected":false},"author":2,"featured_media":0,"parent":0,"menu_order":0,"comment_status":"closed","ping_status":"closed","template":"","meta":{"inline_featured_image":false},"_links":{"self":[{"href":"http:\/\/isbl.hu\/index.php?rest_route=\/wp\/v2\/pages\/1244"}],"collection":[{"href":"http:\/\/isbl.hu\/index.php?rest_route=\/wp\/v2\/pages"}],"about":[{"href":"http:\/\/isbl.hu\/index.php?rest_route=\/wp\/v2\/types\/page"}],"author":[{"embeddable":true,"href":"http:\/\/isbl.hu\/index.php?rest_route=\/wp\/v2\/users\/2"}],"replies":[{"embeddable":true,"href":"http:\/\/isbl.hu\/index.php?rest_route=%2Fwp%2Fv2%2Fcomments&post=1244"}],"version-history":[{"count":12,"href":"http:\/\/isbl.hu\/index.php?rest_route=\/wp\/v2\/pages\/1244\/revisions"}],"predecessor-version":[{"id":1261,"href":"http:\/\/isbl.hu\/index.php?rest_route=\/wp\/v2\/pages\/1244\/revisions\/1261"}],"wp:attachment":[{"href":"http:\/\/isbl.hu\/index.php?rest_route=%2Fwp%2Fv2%2Fmedia&parent=1244"}],"curies":[{"name":"wp","href":"https:\/\/api.w.org\/{rel}","templated":true}]}}