{"id":13,"date":"2018-12-04T07:44:15","date_gmt":"2018-12-04T07:44:15","guid":{"rendered":"http:\/\/isbl.hu\/?page_id=13"},"modified":"2023-06-07T12:51:28","modified_gmt":"2023-06-07T12:51:28","slug":"background","status":"publish","type":"page","link":"http:\/\/isbl.hu\/?page_id=13","title":{"rendered":"Background"},"content":{"rendered":"\t\t<div data-elementor-type=\"wp-page\" data-elementor-id=\"13\" class=\"elementor elementor-13\">\n\t\t\t\t\t\t<section class=\"elementor-section elementor-top-section elementor-element elementor-element-c54e2be elementor-section-boxed elementor-section-height-default elementor-section-height-default\" data-id=\"c54e2be\" data-element_type=\"section\">\n\t\t\t\t\t\t<div class=\"elementor-container elementor-column-gap-default\">\n\t\t\t\t\t<div class=\"elementor-column elementor-col-100 elementor-top-column elementor-element elementor-element-83c6151\" data-id=\"83c6151\" data-element_type=\"column\">\n\t\t\t<div class=\"elementor-widget-wrap elementor-element-populated\">\n\t\t\t\t\t\t<div class=\"elementor-element elementor-element-bd7ba18 elementor-widget elementor-widget-text-editor\" data-id=\"bd7ba18\" data-element_type=\"widget\" data-widget_type=\"text-editor.default\">\n\t\t\t\t<div class=\"elementor-widget-container\">\n\t\t\t\t\t\t\t<p style=\"text-align: justify;\">The In Silico Biomechanics Laboratory (ISBL) is a research laboratory at the National Centre for Spinal Disorders (NCSD). The In Silico Biomechanics Laboratory was established in 2018 with the leadership of Dr. P\u00e9ter Endre \u00c9ltes, Head of Laboratory, and Dr. \u00c1ron Laz\u00e1ry, Scientific Director, and with the support of Dr. P\u00e9ter P\u00e1l Varga, Founder-Director General of the NCSD.\n\n<p style=\"text-align: justify;\">ISBL aims to bridge medicine and engineering using the tools of in silico medicine. The Laboratory focuses on the biomechanics of the musculoskeletal system, with a particular emphasis on supporting the surgical management of spinal pathologies, instabilities, and deformities.\n\n<p style=\"text-align: justify;\">The Laboratory uses various innovative and scientific methods in its research activities. These include the development of finite element models based on medical imaging (CT, MR), the production of individualised surgical devices using 3D printing, and virtual surgical planning.\t\t\t\t\t\t<\/div>\n\t\t\t\t<\/div>\n\t\t\t\t\t<\/div>\n\t\t<\/div>\n\t\t\t\t\t<\/div>\n\t\t<\/section>\n\t\t\t\t<\/div>\n\t\t","protected":false},"excerpt":{"rendered":"<p>The In Silico Biomechanics Laboratory (ISBL) is a research laboratory at the National Centre for Spinal Disorders (NCSD). The In Silico Biomechanics Laboratory was established in 2018 with the leadership &#8230;<\/p>\n","protected":false},"author":1,"featured_media":0,"parent":2,"menu_order":1,"comment_status":"closed","ping_status":"closed","template":"","meta":{"inline_featured_image":false},"_links":{"self":[{"href":"http:\/\/isbl.hu\/index.php?rest_route=\/wp\/v2\/pages\/13"}],"collection":[{"href":"http:\/\/isbl.hu\/index.php?rest_route=\/wp\/v2\/pages"}],"about":[{"href":"http:\/\/isbl.hu\/index.php?rest_route=\/wp\/v2\/types\/page"}],"author":[{"embeddable":true,"href":"http:\/\/isbl.hu\/index.php?rest_route=\/wp\/v2\/users\/1"}],"replies":[{"embeddable":true,"href":"http:\/\/isbl.hu\/index.php?rest_route=%2Fwp%2Fv2%2Fcomments&post=13"}],"version-history":[{"count":4,"href":"http:\/\/isbl.hu\/index.php?rest_route=\/wp\/v2\/pages\/13\/revisions"}],"predecessor-version":[{"id":1422,"href":"http:\/\/isbl.hu\/index.php?rest_route=\/wp\/v2\/pages\/13\/revisions\/1422"}],"up":[{"embeddable":true,"href":"http:\/\/isbl.hu\/index.php?rest_route=\/wp\/v2\/pages\/2"}],"wp:attachment":[{"href":"http:\/\/isbl.hu\/index.php?rest_route=%2Fwp%2Fv2%2Fmedia&parent=13"}],"curies":[{"name":"wp","href":"https:\/\/api.w.org\/{rel}","templated":true}]}}