{"id":31,"date":"2018-12-04T07:51:54","date_gmt":"2018-12-04T07:51:54","guid":{"rendered":"http:\/\/isbl.hu\/?page_id=31"},"modified":"2019-01-23T11:54:00","modified_gmt":"2019-01-23T11:54:00","slug":"news","status":"publish","type":"page","link":"http:\/\/isbl.hu\/?page_id=31","title":{"rendered":"News"},"content":{"rendered":"    <div data-options='{&quot;id&quot;:&quot;120&quot;,&quot;lazy_load&quot;:&quot;no&quot;,&quot;masonry_enable&quot;:&quot;no&quot;,&quot;view_type&quot;:&quot;grid&quot;}' id=\"post-grid-120\" class=\"post-grid grid\">\n    \n\n\n    <div class=\"grid-items\">\n      <div class=\"item item-1474 skin flat even 0 \">\n        <div class=\"layer-wrapper layout-\">\n        <div class=\"layer-media\"><a class=\"custom\" href=\"http:\/\/isbl.hu\/?p=1474&amp;lang=hu\"><img src=\"http:\/\/isbl.hu\/wp-content\/plugins\/post-grid\/assets\/images\/placeholder.png\" \/><\/a><\/div>\n  <div class=\"layer-content\">\n        <div class=\"element element_0  title \">\r\n                    <a target=\"\"\r\n                href=\"http:\/\/isbl.hu\/?p=1474&#038;lang=hu\">ISBL \u2013 International Symposium on In Silico Medicine a BEK Akad\u00e9mi\u00e1n, Budapesten<\/a>\r\n            <\/div>\r\n    <div class=\"element element_1  excerpt \">\r\n                    <\/div>\r\n            <a class=\"element element_2  read_more \"\r\n            target=\"\"\r\n            href=\"http:\/\/isbl.hu\/?p=1474&#038;lang=hu\"><\/a>\r\n      <\/div>\n    <\/div>\n  <\/div><div class=\"item item-1464 skin flat odd 1 \">\n        <div class=\"layer-wrapper layout-\">\n        <div class=\"layer-media\"><a href=\"http:\/\/isbl.hu\/?p=1464\"><img src=\"http:\/\/isbl.hu\/wp-content\/uploads\/2024\/02\/program_final.png\" \/><\/a><\/div>\n  <div class=\"layer-content\">\n        <div class=\"element element_0  title \">\r\n                    <a target=\"\"\r\n                href=\"http:\/\/isbl.hu\/?p=1464\">ISBL - International Symposium on In Silico Medicine at the BHC Academy, Budapest<\/a>\r\n            <\/div>\r\n    <div class=\"element element_1  excerpt \">\r\n                    <\/div>\r\n            <a class=\"element element_2  read_more \"\r\n            target=\"\"\r\n            href=\"http:\/\/isbl.hu\/?p=1464\"><\/a>\r\n      <\/div>\n    <\/div>\n  <\/div><div class=\"item item-1433 skin flat even 2 \">\n        <div class=\"layer-wrapper layout-\">\n        <div class=\"layer-media\"><a href=\"http:\/\/isbl.hu\/?p=1433&amp;lang=hu\"><img alt=\"\" src=\"http:\/\/isbl.hu\/wp-content\/uploads\/2023\/06\/3-eves-az-In-Silico-Biomechanikai-Laboratorium_V4.png\" \/><\/a><\/div>\n  <div class=\"layer-content\">\n        <div class=\"element element_0  title \">\r\n                    <a target=\"\"\r\n                href=\"http:\/\/isbl.hu\/?p=1433&#038;lang=hu\">A Laborat\u00f3rium els\u0151 h\u00e1rom \u00e9ve<\/a>\r\n            <\/div>\r\n    <div class=\"element element_1  excerpt \">\r\n                    <\/div>\r\n            <a class=\"element element_2  read_more \"\r\n            target=\"\"\r\n            href=\"http:\/\/isbl.hu\/?p=1433&#038;lang=hu\"><\/a>\r\n      <\/div>\n    <\/div>\n  <\/div><div class=\"item item-1423 skin flat odd 3 \">\n        <div class=\"layer-wrapper layout-\">\n        <div class=\"layer-media\"><a href=\"http:\/\/isbl.hu\/?p=1423\"><img alt=\"\" src=\"http:\/\/isbl.hu\/wp-content\/uploads\/2023\/06\/3-eves-az-In-Silico-Biomechanikai-Laboratorium_V4.png\" \/><\/a><\/div>\n  <div class=\"layer-content\">\n        <div class=\"element element_0  title \">\r\n                    <a target=\"\"\r\n                href=\"http:\/\/isbl.hu\/?p=1423\">The first three years of the Laboratory<\/a>\r\n            <\/div>\r\n    <div class=\"element element_1  excerpt \">\r\n                    <\/div>\r\n            <a class=\"element element_2  read_more \"\r\n            target=\"\"\r\n            href=\"http:\/\/isbl.hu\/?p=1423\"><\/a>\r\n      <\/div>\n    <\/div>\n  <\/div>    <\/div>\n    <div class=\"pagination\">\n      <div class=\"paginate\">\n      <\/div>\n  <style type=\"text\/css\">\n    #post-grid-120 .pagination .page-numbers {\n      font-size: 17px;\n      color: #646464;\n      background: #646464;\n    }\n\n    #post-grid-120 .pagination .page-numbers:hover,\n    #post-grid-120 .pagination .page-numbers.current {\n      background: #4b4b4b;\n    }\n  <\/style>\n  <\/div>\n      <style type=\"text\/css\">\n      \/*Write your CSS code here*\/    <\/style>\n      <script>\n          \/*Write your js code here*\/          <\/script>\n    <style type=\"text\/css\">\n    #post-grid-120 .element_0 {\n      display: block;font-size: 21px;line-height: normal;padding: 5px 10px;text-align: left;    }\n\n    #post-grid-120 .element_1 {\n      display: block;font-size: 12px;padding: 5px 10px;text-align: left;    }\n\n    #post-grid-120 .element_2 {\n      display: block;font-size: 12px;font-weight: bold;padding: 0 10px;text-align: left;    }\n\n    #post-grid-120 .element_0:hover{}#post-grid-120 .element_1:hover{}#post-grid-120 .element_2:hover{}  <\/style>\n  <style type=\"text\/css\">\n    #post-grid-120 {\n      padding: 10px;\n      background-color: #fff;\n          }\n\n    #post-grid-120 .item {\n      background: #fff;\n          }\n\n    #post-grid-120 .item .layer-media {\n      height:auto;    }\n\n    @media only screen and (min-width: 0px) and (max-width: 767px) {\n      #post-grid-120 .grid-items {\n        text-align: center;\n              }\n\n      #post-grid-120 .item {\n        width: 90%;\n        margin: 10px;\n        display: inline-block;\n        vertical-align: top;\n        height:auto;      }\n    }\n\n    @media only screen and (min-width: 768px) and (max-width: 1023px) {\n      #post-grid-120 .grid-items {\n        text-align: center;\n              }\n\n      #post-grid-120 .item {\n        width: 280px;\n        margin: 10px;\n        display: inline-block;\n        vertical-align: top;\n        max-height:auto;      }\n    }\n\n    @media only screen and (min-width: 1024px) {\n      #post-grid-120 .grid-items {\n        text-align: center;\n              }\n\n      #post-grid-120 .item {\n        width: 280px;\n        display: inline-block;\n        margin: 10px;\n        vertical-align: top;\n        height:auto;      }\n    }\n\n      <\/style>\n  <\/div>\n\n","protected":false},"excerpt":{"rendered":"","protected":false},"author":1,"featured_media":0,"parent":0,"menu_order":4,"comment_status":"closed","ping_status":"closed","template":"","meta":{"inline_featured_image":false},"_links":{"self":[{"href":"http:\/\/isbl.hu\/index.php?rest_route=\/wp\/v2\/pages\/31"}],"collection":[{"href":"http:\/\/isbl.hu\/index.php?rest_route=\/wp\/v2\/pages"}],"about":[{"href":"http:\/\/isbl.hu\/index.php?rest_route=\/wp\/v2\/types\/page"}],"author":[{"embeddable":true,"href":"http:\/\/isbl.hu\/index.php?rest_route=\/wp\/v2\/users\/1"}],"replies":[{"embeddable":true,"href":"http:\/\/isbl.hu\/index.php?rest_route=%2Fwp%2Fv2%2Fcomments&post=31"}],"version-history":[{"count":2,"href":"http:\/\/isbl.hu\/index.php?rest_route=\/wp\/v2\/pages\/31\/revisions"}],"predecessor-version":[{"id":121,"href":"http:\/\/isbl.hu\/index.php?rest_route=\/wp\/v2\/pages\/31\/revisions\/121"}],"wp:attachment":[{"href":"http:\/\/isbl.hu\/index.php?rest_route=%2Fwp%2Fv2%2Fmedia&parent=31"}],"curies":[{"name":"wp","href":"https:\/\/api.w.org\/{rel}","templated":true}]}}