{"id":987,"date":"2023-04-18T10:40:10","date_gmt":"2023-04-18T10:40:10","guid":{"rendered":"http:\/\/isbl.hu\/?page_id=987"},"modified":"2023-04-18T10:40:10","modified_gmt":"2023-04-18T10:40:10","slug":"kozelgo-esemenyek","status":"publish","type":"page","link":"http:\/\/isbl.hu\/?page_id=987&lang=hu","title":{"rendered":"K\u00f6zelg\u0151 Esem\u00e9nyek"},"content":{"rendered":"","protected":false},"excerpt":{"rendered":"","protected":false},"author":2,"featured_media":0,"parent":0,"menu_order":1,"comment_status":"closed","ping_status":"closed","template":"","meta":{"inline_featured_image":false},"_links":{"self":[{"href":"http:\/\/isbl.hu\/index.php?rest_route=\/wp\/v2\/pages\/987"}],"collection":[{"href":"http:\/\/isbl.hu\/index.php?rest_route=\/wp\/v2\/pages"}],"about":[{"href":"http:\/\/isbl.hu\/index.php?rest_route=\/wp\/v2\/types\/page"}],"author":[{"embeddable":true,"href":"http:\/\/isbl.hu\/index.php?rest_route=\/wp\/v2\/users\/2"}],"replies":[{"embeddable":true,"href":"http:\/\/isbl.hu\/index.php?rest_route=%2Fwp%2Fv2%2Fcomments&post=987"}],"version-history":[{"count":1,"href":"http:\/\/isbl.hu\/index.php?rest_route=\/wp\/v2\/pages\/987\/revisions"}],"predecessor-version":[{"id":988,"href":"http:\/\/isbl.hu\/index.php?rest_route=\/wp\/v2\/pages\/987\/revisions\/988"}],"wp:attachment":[{"href":"http:\/\/isbl.hu\/index.php?rest_route=%2Fwp%2Fv2%2Fmedia&parent=987"}],"curies":[{"name":"wp","href":"https:\/\/api.w.org\/{rel}","templated":true}]}}